{"id":1727,"date":"2012-01-22T20:01:32","date_gmt":"2012-01-22T20:01:32","guid":{"rendered":"http:\/\/info.jochendippon.de\/?page_id=144"},"modified":"2024-10-19T09:29:27","modified_gmt":"2024-10-19T09:29:27","slug":"boys-house","status":"publish","type":"page","link":"https:\/\/www.chosengeneration.de\/en\/boys-house\/","title":{"rendered":"Good Samaritan Kids&#8217; House"},"content":{"rendered":"<h1 style=\"text-align: right;\"><\/h1>\n<blockquote>\n<p style=\"text-align: left;\"><span id=\"result_box\" class=\"long_text\" lang=\"en\"><span style=\"color: #ff0000;\">&#8220;If you give food to the hungry and satisfy those who are in need, then the darkness around you will turn to the brightness of noon.&#8221;\u00a0\u00a0\u00a0\u00a0\u00a0\u00a0\u00a0\u00a0\u00a0\u00a0\u00a0 Isaiah 58:10\u00a0<\/span> <\/span><\/p>\n<\/blockquote>\n<p style=\"text-align: left;\"><a href=\"http:\/\/www.chosengeneration.de\/wp-content\/uploads\/2019\/03\/20190303_140727.jpg\"><img loading=\"lazy\" decoding=\"async\" class=\"alignleft size-thumbnail wp-image-2474\" src=\"http:\/\/www.chosengeneration.de\/wp-content\/uploads\/2019\/03\/20190303_140727-150x150.jpg\" alt=\"\" width=\"150\" height=\"150\" srcset=\"https:\/\/www.chosengeneration.de\/wp-content\/uploads\/2019\/03\/20190303_140727-150x150.jpg 150w, https:\/\/www.chosengeneration.de\/wp-content\/uploads\/2019\/03\/20190303_140727-100x100.jpg 100w\" sizes=\"auto, (max-width: 150px) 100vw, 150px\" \/><\/a><a href=\"http:\/\/www.chosengeneration.de\/wp-content\/uploads\/2019\/03\/PC100126.jpg\"><img loading=\"lazy\" decoding=\"async\" class=\"alignleft size-thumbnail wp-image-2471\" src=\"http:\/\/www.chosengeneration.de\/wp-content\/uploads\/2019\/03\/PC100126-150x150.jpg\" alt=\"\" width=\"150\" height=\"150\" srcset=\"https:\/\/www.chosengeneration.de\/wp-content\/uploads\/2019\/03\/PC100126-150x150.jpg 150w, https:\/\/www.chosengeneration.de\/wp-content\/uploads\/2019\/03\/PC100126-100x100.jpg 100w\" sizes=\"auto, (max-width: 150px) 100vw, 150px\" \/><\/a><a href=\"http:\/\/www.chosengeneration.de\/wp-content\/uploads\/2019\/03\/P1010053.jpg\"><img loading=\"lazy\" decoding=\"async\" class=\"alignleft size-thumbnail wp-image-2468\" src=\"http:\/\/www.chosengeneration.de\/wp-content\/uploads\/2019\/03\/P1010053-150x150.jpg\" alt=\"\" width=\"150\" height=\"150\" srcset=\"https:\/\/www.chosengeneration.de\/wp-content\/uploads\/2019\/03\/P1010053-150x150.jpg 150w, https:\/\/www.chosengeneration.de\/wp-content\/uploads\/2019\/03\/P1010053-100x100.jpg 100w\" sizes=\"auto, (max-width: 150px) 100vw, 150px\" \/><\/a><a href=\"http:\/\/www.chosengeneration.de\/wp-content\/uploads\/2019\/01\/PHOTO-2018-12-27-18-05-13.jpg\"><img loading=\"lazy\" decoding=\"async\" class=\"alignleft size-thumbnail wp-image-2405\" src=\"http:\/\/www.chosengeneration.de\/wp-content\/uploads\/2019\/01\/PHOTO-2018-12-27-18-05-13-150x150.jpg\" alt=\"\" width=\"150\" height=\"150\" srcset=\"https:\/\/www.chosengeneration.de\/wp-content\/uploads\/2019\/01\/PHOTO-2018-12-27-18-05-13-150x150.jpg 150w, https:\/\/www.chosengeneration.de\/wp-content\/uploads\/2019\/01\/PHOTO-2018-12-27-18-05-13-100x100.jpg 100w\" sizes=\"auto, (max-width: 150px) 100vw, 150px\" \/><\/a><a href=\"http:\/\/www.chosengeneration.de\/wp-content\/uploads\/2019\/03\/PC250161.jpg\"><img loading=\"lazy\" decoding=\"async\" class=\"alignleft size-thumbnail wp-image-2470\" src=\"http:\/\/www.chosengeneration.de\/wp-content\/uploads\/2019\/03\/PC250161-150x150.jpg\" alt=\"\" width=\"150\" height=\"150\" srcset=\"https:\/\/www.chosengeneration.de\/wp-content\/uploads\/2019\/03\/PC250161-150x150.jpg 150w, https:\/\/www.chosengeneration.de\/wp-content\/uploads\/2019\/03\/PC250161-100x100.jpg 100w\" sizes=\"auto, (max-width: 150px) 100vw, 150px\" \/><\/a><a href=\"http:\/\/www.chosengeneration.de\/wp-content\/uploads\/2019\/03\/P1010020.jpg\"><img loading=\"lazy\" decoding=\"async\" class=\"alignleft size-thumbnail wp-image-2503\" src=\"http:\/\/www.chosengeneration.de\/wp-content\/uploads\/2019\/03\/P1010020-150x150.jpg\" alt=\"\" width=\"150\" height=\"150\" srcset=\"https:\/\/www.chosengeneration.de\/wp-content\/uploads\/2019\/03\/P1010020-150x150.jpg 150w, https:\/\/www.chosengeneration.de\/wp-content\/uploads\/2019\/03\/P1010020-100x100.jpg 100w\" sizes=\"auto, (max-width: 150px) 100vw, 150px\" \/><\/a><a href=\"http:\/\/www.chosengeneration.de\/wp-content\/uploads\/2019\/03\/PC250172.jpg\"><img loading=\"lazy\" decoding=\"async\" class=\"alignleft size-thumbnail wp-image-2524\" src=\"http:\/\/www.chosengeneration.de\/wp-content\/uploads\/2019\/03\/PC250172-150x150.jpg\" alt=\"\" width=\"150\" height=\"150\" srcset=\"https:\/\/www.chosengeneration.de\/wp-content\/uploads\/2019\/03\/PC250172-150x150.jpg 150w, https:\/\/www.chosengeneration.de\/wp-content\/uploads\/2019\/03\/PC250172-100x100.jpg 100w\" sizes=\"auto, (max-width: 150px) 100vw, 150px\" \/><\/a><a href=\"http:\/\/www.chosengeneration.de\/wp-content\/uploads\/2019\/03\/PC250226.jpg\"><img loading=\"lazy\" decoding=\"async\" class=\"alignleft size-thumbnail wp-image-2526\" src=\"http:\/\/www.chosengeneration.de\/wp-content\/uploads\/2019\/03\/PC250226-150x150.jpg\" alt=\"\" width=\"150\" height=\"150\" srcset=\"https:\/\/www.chosengeneration.de\/wp-content\/uploads\/2019\/03\/PC250226-150x150.jpg 150w, https:\/\/www.chosengeneration.de\/wp-content\/uploads\/2019\/03\/PC250226-100x100.jpg 100w\" sizes=\"auto, (max-width: 150px) 100vw, 150px\" \/><\/a> \u00a0 \u00a0 \u00a0 \u00a0 \u00a0 \u00a0 \u00a0 \u00a0 \u00a0 \u00a0\u00a0 <a href=\"http:\/\/www.chosengeneration.de\/wp-content\/uploads\/2012\/01\/CIMG1495.jpg\"><img loading=\"lazy\" decoding=\"async\" class=\"alignleft wp-image-833 size-thumbnail\" title=\"CIMG1495\" src=\"http:\/\/www.chosengeneration.de\/wp-content\/uploads\/2012\/01\/CIMG1495-150x150.jpg\" alt=\"Regine\" width=\"150\" height=\"150\" \/><\/a><span id=\"result_box\" class=\"long_text\" lang=\"en\"><\/span><\/p>\n<p>&nbsp;<\/p>\n<p>&nbsp;<\/p>\n<p style=\"text-align: left;\"><span id=\"result_box\" class=\"long_text\" lang=\"en\"> Most of our children lived on the streets surrounded by <span class=\"hps\">violence, drug use and criminality. We seek them out in the places where they live: in the slums, on the streets, in the sewers or on the rubbish tips. They are our friends. We eat together, sit with them in the dirt, listen to them, give them advice, care for their injuries and take them to the doctor. We pray, bless and hug them when we tell them the &#8220;best news&#8221;, that Jesus knows and loves them and doesn&#8217;t condemn them. He has a way out for them and we are pro-active in helping them do this.<\/span><\/span><\/p>\n<p style=\"text-align: left;\"><span id=\"result_box\" class=\"long_text\" lang=\"en\"><span class=\"hps\">Many come to our Saturday Good Samaritan Church Programme, deep in one of the worst slum areas of Kampala. They feel loved and accepted.\u00a0 We preach to them, pray together, wash their wounds, shave their hair and give them food. Out of this program we take one by one into our home and live there together like in a family. It becomes their home and is today the home of many children and young people. <\/span><\/span><\/p>\n<p style=\"text-align: left;\"><span id=\"result_box\" class=\"long_text\" lang=\"en\"><span class=\"hps\">We may have left Germany to serve these people, but Jesus left the Father in heaven\u00a0 to come down into humanity&#8217;s world, just as we come into their lives. He gave up the glory of heaven, was humiliated and scorned and still he did miracles, healed the sick, raised the dead and showed us the Father. Jesus is alive and still does these things today. Death could not hold him. Through Jesus, we are reconciled to the Father in heaven and by His Spirit we have fellowship with Him, here and now, in order to do His works. <\/span><\/span><strong>It is worth going out to tell hopeless, forgotten people this message. People who could never enter a church without shoes, in their tattered clothes, and with their lice and drugs. <\/strong><a href=\"http:\/\/www.chosengeneration.de\/wp-content\/uploads\/2012\/01\/SAM_13171.jpg\"><img loading=\"lazy\" decoding=\"async\" class=\"alignleft size-thumbnail wp-image-1339\" title=\"SAM_1317\" src=\"http:\/\/www.chosengeneration.de\/wp-content\/uploads\/2012\/01\/SAM_13171-150x150.jpg\" alt=\"\" width=\"150\" height=\"150\" \/> <\/a>Many of them have nobody left who can help them in any way.<\/p>\n<p>God made it possible: After many years, we were able to move onto our own piece of land where we wouldn\u00b4t have to pay rent and could have a little farm. Staff and children live together as a family. In the holidays we read the Bible every morning and learn more about Jesus, the Father and the Holy Spirit. We experience the love of the heavenly Father and are healed in His presence. We recognise that everyone is special and unique. Everyone has their duties in the house: washing, cleaning, cooking, gardening, washing the car etc. Everyone is required to help. In this way we learn how to deal with conflicts, how to forgive, how to help each other with homework and how to be faithful in the small things. Aggression, anger, violence, power struggles and lies have no place in our lives here. Giftings and callings are recognised and promoted because God seeks faithful, Spirit-filled men and women to be a blessing for their nation.<\/p>\n<p style=\"text-align: left;\"><span id=\"result_box\" class=\"long_text\" lang=\"en\"><span class=\"hps\"><a href=\"http:\/\/www.chosengeneration.de\/wp-content\/uploads\/2012\/01\/20161122_174312.jpg\"><img loading=\"lazy\" decoding=\"async\" class=\"alignleft size-thumbnail wp-image-1900\" src=\"http:\/\/www.chosengeneration.de\/wp-content\/uploads\/2012\/01\/20161122_174312-150x150.jpg\" alt=\"\" width=\"150\" height=\"150\" \/><\/a> <a href=\"http:\/\/www.chosengeneration.de\/wp-content\/uploads\/2012\/01\/20161210_151147.jpg\"><img loading=\"lazy\" decoding=\"async\" class=\"alignleft size-thumbnail wp-image-1901\" src=\"http:\/\/www.chosengeneration.de\/wp-content\/uploads\/2012\/01\/20161210_151147-150x150.jpg\" alt=\"\" width=\"150\" height=\"150\" \/><\/a> <a href=\"http:\/\/www.chosengeneration.de\/wp-content\/uploads\/2012\/01\/20161212_123927.jpg\"><img loading=\"lazy\" decoding=\"async\" class=\"alignleft size-thumbnail wp-image-1902\" src=\"http:\/\/www.chosengeneration.de\/wp-content\/uploads\/2012\/01\/20161212_123927-150x150.jpg\" alt=\"\" width=\"150\" height=\"150\" \/><\/a> <a href=\"http:\/\/www.chosengeneration.de\/wp-content\/uploads\/2012\/01\/20161212_123939.jpg\"><img loading=\"lazy\" decoding=\"async\" class=\"alignleft size-thumbnail wp-image-1903\" src=\"http:\/\/www.chosengeneration.de\/wp-content\/uploads\/2012\/01\/20161212_123939-150x150.jpg\" alt=\"\" width=\"150\" height=\"150\" \/><\/a> <a href=\"http:\/\/www.chosengeneration.de\/wp-content\/uploads\/2012\/01\/20161214_183743.jpg\"><img loading=\"lazy\" decoding=\"async\" class=\"alignleft size-thumbnail wp-image-1904\" src=\"http:\/\/www.chosengeneration.de\/wp-content\/uploads\/2012\/01\/20161214_183743-150x150.jpg\" alt=\"\" width=\"150\" height=\"150\" \/><\/a> <a href=\"http:\/\/www.chosengeneration.de\/wp-content\/uploads\/2012\/01\/20161218_151259.jpg\"><img loading=\"lazy\" decoding=\"async\" class=\"size-thumbnail wp-image-1906 alignnone\" src=\"http:\/\/www.chosengeneration.de\/wp-content\/uploads\/2012\/01\/20161218_151259-150x150.jpg\" alt=\"\" width=\"150\" height=\"150\" \/><\/a><\/span><\/span><\/p>\n<p><span id=\"result_box\" class=\"long_text\" lang=\"en\"><span class=\"hps\"><a href=\"http:\/\/www.chosengeneration.de\/wp-content\/uploads\/2012\/01\/CIMG1254.jpg\"><img loading=\"lazy\" decoding=\"async\" class=\"alignleft size-thumbnail wp-image-728\" title=\"CIMG1254\" src=\"http:\/\/www.chosengeneration.de\/wp-content\/uploads\/2012\/01\/CIMG1254-150x150.jpg\" alt=\"\" width=\"150\" height=\"150\" \/><\/a><\/span><\/span><\/p>\n<p><span id=\"result_box\" class=\"long_text\" lang=\"en\"><span class=\"hps\"><a href=\"http:\/\/www.chosengeneration.de\/wp-content\/uploads\/2011\/09\/20161029_141555.jpg\"><img loading=\"lazy\" decoding=\"async\" class=\"alignleft size-thumbnail wp-image-1890\" src=\"http:\/\/www.chosengeneration.de\/wp-content\/uploads\/2011\/09\/20161029_141555-150x150.jpg\" alt=\"\" width=\"150\" height=\"150\" \/><\/a>The<\/span> c<span class=\"hps\">hildren in our home are all doing well in school, others have started or already finished\u00a0 vocational training in <\/span><span class=\"hps\">hotel management<\/span>, auto mechanics<span class=\"hps\">, welding<\/span>, <span class=\"hps\">hairdressing<\/span>, sewing, etc. <span class=\"hps\">All the children<\/span> <span class=\"hps\">are firmly rooted in<\/span> <span class=\"hps\">a Ugandan<\/span> <span class=\"hps\">community<\/span> and a local church <span class=\"hps\">and<\/span> <span class=\"hps\">have found<\/span> <span class=\"hps\">friends<\/span>. <\/span><\/p>\n<h4><span id=\"result_box\" class=\"long_text\" lang=\"en\"><a href=\"http:\/\/www.chosengeneration.de\/wp-content\/uploads\/2012\/01\/20161225_154820.jpg\"><img loading=\"lazy\" decoding=\"async\" class=\"alignleft size-thumbnail wp-image-1894\" src=\"http:\/\/www.chosengeneration.de\/wp-content\/uploads\/2012\/01\/20161225_154820-150x150.jpg\" alt=\"\" width=\"150\" height=\"150\" \/><\/a>Next chosen Generation:\u00a0<\/span><\/h4>\n<p>We love them so dearly, every child is so special to us, so we will not give up doing all we can in order that more and more children can move into a home, be able to go to school, as well as see God&#8217;s hand moving in their lives.<\/p>\n<p>Thank you for all your support!<\/p>\n<p><img decoding=\"async\" src=\"http:\/\/www.chosengeneration.de\/wp-content\/uploads\/2012\/01\/csm_50776-DSa_b4299dfa2a-300x168.jpg\" alt=\"\" \/><\/p>\n","protected":false},"excerpt":{"rendered":"<p>Wir nehmen Jugendliche von der Stra\u00dfe auf, zu welchen wir schon l\u00e4nger Beziehung auf der Sta\u00dfe haben. Wir kennen ihre Situation und beten \u00fcber jedem Kind das wir aufnehmen. Zuerst hilft schon der Frieden im Haus, liebevolle Mitarbeiter in der Familie Gottes und ein sicherer Ort der Geborgenheit wo sie ankommen und heil werden k\u00f6nnen. &hellip; <\/p>\n<p class=\"link-more\"><a href=\"https:\/\/www.chosengeneration.de\/en\/boys-house\/\" class=\"more-link\">Continue reading<span class=\"screen-reader-text\"> &#8220;Good Samaritan Kids&#8217; House&#8221;<\/span><\/a><\/p>\n","protected":false},"author":2,"featured_media":0,"parent":0,"menu_order":0,"comment_status":"closed","ping_status":"open","template":"","meta":{"footnotes":""},"class_list":["post-1727","page","type-page","status-publish","hentry"],"translation":{"provider":"WPGlobus","version":"2.12.2","language":"en","enabled_languages":["de","en"],"languages":{"de":{"title":true,"content":true,"excerpt":false},"en":{"title":true,"content":true,"excerpt":false}}},"_links":{"self":[{"href":"https:\/\/www.chosengeneration.de\/en\/wp-json\/wp\/v2\/pages\/1727","targetHints":{"allow":["GET"]}}],"collection":[{"href":"https:\/\/www.chosengeneration.de\/en\/wp-json\/wp\/v2\/pages"}],"about":[{"href":"https:\/\/www.chosengeneration.de\/en\/wp-json\/wp\/v2\/types\/page"}],"author":[{"embeddable":true,"href":"https:\/\/www.chosengeneration.de\/en\/wp-json\/wp\/v2\/users\/2"}],"replies":[{"embeddable":true,"href":"https:\/\/www.chosengeneration.de\/en\/wp-json\/wp\/v2\/comments?post=1727"}],"version-history":[{"count":83,"href":"https:\/\/www.chosengeneration.de\/en\/wp-json\/wp\/v2\/pages\/1727\/revisions"}],"predecessor-version":[{"id":3390,"href":"https:\/\/www.chosengeneration.de\/en\/wp-json\/wp\/v2\/pages\/1727\/revisions\/3390"}],"wp:attachment":[{"href":"https:\/\/www.chosengeneration.de\/en\/wp-json\/wp\/v2\/media?parent=1727"}],"curies":[{"name":"wp","href":"https:\/\/api.w.org\/{rel}","templated":true}]}}